{"id":2,"date":"2021-11-15T17:11:06","date_gmt":"2021-11-15T17:11:06","guid":{"rendered":"https:\/\/atirgo.org\/wfr\/?page_id=2"},"modified":"2021-11-28T14:59:56","modified_gmt":"2021-11-28T14:59:56","slug":"sample-page","status":"publish","type":"page","link":"https:\/\/atirgo.org\/wfr\/","title":{"rendered":"L&rsquo;association"},"content":{"rendered":"<p>L&rsquo;Association des Insuffisants R\u00e9naux et du Greffe d\u2019Organe a pour\u00a0 but\u00a0 de faire conna\u00eetre l&rsquo;insuffisance r\u00e9nale, ses cons\u00e9quences, ses complications, ainsi que ses traitements : la dialyse et la greffe r\u00e9nale et permet de r\u00e9fl\u00e9chir sur la n\u00e9cessit\u00e9 du don d&rsquo;organes.<\/p>\n<p>&nbsp;<\/p>\n<p><img loading=\"lazy\" decoding=\"async\" class=\"size-medium wp-image-20 aligncenter\" src=\"https:\/\/atirgo.org\/wfr\/wp-content\/uploads\/2021\/11\/ATIR-500x500-1-300x300.jpg\" alt=\"\" width=\"300\" height=\"300\" srcset=\"https:\/\/atirgo.org\/wfr\/wp-content\/uploads\/2021\/11\/ATIR-500x500-1-300x300.jpg 300w, https:\/\/atirgo.org\/wfr\/wp-content\/uploads\/2021\/11\/ATIR-500x500-1-150x150.jpg 150w, https:\/\/atirgo.org\/wfr\/wp-content\/uploads\/2021\/11\/ATIR-500x500-1.jpg 500w\" sizes=\"auto, (max-width: 300px) 100vw, 300px\" \/><\/p>\n<p>&nbsp;<\/p>\n","protected":false},"excerpt":{"rendered":"<p>L&rsquo;Association des Insuffisants R\u00e9naux et du Greffe d\u2019Organe a pour\u00a0 but\u00a0 de faire conna\u00eetre l&rsquo;insuffisance r\u00e9nale, ses cons\u00e9quences, ses complications, ainsi que ses traitements : la dialyse et la greffe r\u00e9nale et permet de r\u00e9fl\u00e9chir sur la n\u00e9cessit\u00e9 du don d&rsquo;organes. &nbsp; &nbsp;<\/p>\n","protected":false},"author":1,"featured_media":0,"parent":0,"menu_order":0,"comment_status":"closed","ping_status":"open","template":"","meta":{"footnotes":""},"class_list":["post-2","page","type-page","status-publish","hentry"],"_links":{"self":[{"href":"https:\/\/atirgo.org\/wfr\/wp-json\/wp\/v2\/pages\/2","targetHints":{"allow":["GET"]}}],"collection":[{"href":"https:\/\/atirgo.org\/wfr\/wp-json\/wp\/v2\/pages"}],"about":[{"href":"https:\/\/atirgo.org\/wfr\/wp-json\/wp\/v2\/types\/page"}],"author":[{"embeddable":true,"href":"https:\/\/atirgo.org\/wfr\/wp-json\/wp\/v2\/users\/1"}],"replies":[{"embeddable":true,"href":"https:\/\/atirgo.org\/wfr\/wp-json\/wp\/v2\/comments?post=2"}],"version-history":[{"count":2,"href":"https:\/\/atirgo.org\/wfr\/wp-json\/wp\/v2\/pages\/2\/revisions"}],"predecessor-version":[{"id":21,"href":"https:\/\/atirgo.org\/wfr\/wp-json\/wp\/v2\/pages\/2\/revisions\/21"}],"wp:attachment":[{"href":"https:\/\/atirgo.org\/wfr\/wp-json\/wp\/v2\/media?parent=2"}],"curies":[{"name":"wp","href":"https:\/\/api.w.org\/{rel}","templated":true}]}}